{"id":21,"date":"2018-07-01T14:32:22","date_gmt":"2018-07-01T12:32:22","guid":{"rendered":"http:\/\/vitamarine-esthetique.re\/?page_id=21"},"modified":"2025-07-30T07:34:35","modified_gmt":"2025-07-30T05:34:35","slug":"cheque-cadeau","status":"publish","type":"page","link":"https:\/\/vitamarine-esthetique.re\/?page_id=21","title":{"rendered":"Ch\u00e8que Cadeau"},"content":{"rendered":"\n<h2>\ud83c\udf81 Offrez une parenth\u00e8se de bien-\u00eatre avec le ch\u00e8que cadeau Vitamarine Esth\u00e9tique<\/h2>\n\n\n\n<p>Faites plaisir \u00e0 ceux que vous aimez avec un cadeau qui a du sens :<br>\ud83d\udc99 du temps pour soi,<br>\ud83d\udc86\u200d\u2640\ufe0f de la d\u00e9tente profonde,<br>\ud83c\udf3f des soins personnalis\u00e9s dans un cadre apaisant \u00e0 L\u2019Hermitage.<\/p>\n\n\n\n<hr class=\"wp-block-separator\"\/>\n\n\n\n<h3>\u2728 Le cadeau id\u00e9al pour toutes les occasions :<\/h3>\n\n\n\n<ul><li>Anniversaire<\/li><li>F\u00eate des m\u00e8res \/ des p\u00e8res<\/li><li>Saint-Valentin<\/li><li>No\u00ebl<\/li><li>Mariage \/ Baby Shower<\/li><li>Ou simplement pour dire \u00ab\u00a0je pense \u00e0 toi\u00a0\u00bb<\/li><\/ul>\n\n\n\n<hr class=\"wp-block-separator\"\/>\n\n\n\n<h3>\ud83d\udc8c Nos ch\u00e8ques cadeaux :<\/h3>\n\n\n\n<ul><li>Montant libre ou formule au choix (Head Spa, soin visage, rituel bien-\u00eatre&#8230;)<\/li><li>Valables <strong>6 mois<\/strong> \u00e0 compter de la date d&rsquo;achat<\/li><li>Pr\u00e9sent\u00e9s avec \u00e9l\u00e9gance, pr\u00eats \u00e0 offrir \u2728<\/li><\/ul>\n\n\n\n<p><\/p>\n","protected":false},"excerpt":{"rendered":"<p>\ud83c\udf81 Offrez une parenth\u00e8se de bien-\u00eatre avec le ch\u00e8que cadeau Vitamarine Esth\u00e9tique Faites plaisir \u00e0 ceux que vous aimez avec un cadeau qui a du sens :\ud83d\udc99 du temps pour soi,\ud83d\udc86\u200d\u2640\ufe0f de la d\u00e9tente profonde,\ud83c\udf3f des soins personnalis\u00e9s dans un cadre apaisant \u00e0 L\u2019Hermitage. \u2728 Le cadeau id\u00e9al pour toutes les occasions : Anniversaire F\u00eate &hellip; <\/p>\n","protected":false},"author":1,"featured_media":0,"parent":0,"menu_order":0,"comment_status":"closed","ping_status":"closed","template":"","meta":[],"_links":{"self":[{"href":"https:\/\/vitamarine-esthetique.re\/index.php?rest_route=\/wp\/v2\/pages\/21"}],"collection":[{"href":"https:\/\/vitamarine-esthetique.re\/index.php?rest_route=\/wp\/v2\/pages"}],"about":[{"href":"https:\/\/vitamarine-esthetique.re\/index.php?rest_route=\/wp\/v2\/types\/page"}],"author":[{"embeddable":true,"href":"https:\/\/vitamarine-esthetique.re\/index.php?rest_route=\/wp\/v2\/users\/1"}],"replies":[{"embeddable":true,"href":"https:\/\/vitamarine-esthetique.re\/index.php?rest_route=%2Fwp%2Fv2%2Fcomments&post=21"}],"version-history":[{"count":14,"href":"https:\/\/vitamarine-esthetique.re\/index.php?rest_route=\/wp\/v2\/pages\/21\/revisions"}],"predecessor-version":[{"id":274,"href":"https:\/\/vitamarine-esthetique.re\/index.php?rest_route=\/wp\/v2\/pages\/21\/revisions\/274"}],"wp:attachment":[{"href":"https:\/\/vitamarine-esthetique.re\/index.php?rest_route=%2Fwp%2Fv2%2Fmedia&parent=21"}],"curies":[{"name":"wp","href":"https:\/\/api.w.org\/{rel}","templated":true}]}}